{"id":3834,"date":"2023-10-22T16:41:21","date_gmt":"2023-10-22T16:41:21","guid":{"rendered":"https:\/\/mirvasoinio.com\/tuote\/sleep-sand-factory\/"},"modified":"2023-12-04T21:22:25","modified_gmt":"2023-12-04T21:22:25","slug":"sleep-sand-factory","status":"publish","type":"product","link":"https:\/\/mirvasoinio.com\/en\/tuote\/sleep-sand-factory\/","title":{"rendered":"Sleep sand factory"},"content":{"rendered":"","protected":false},"excerpt":{"rendered":"<p>The poster is a part of the original illustrations in a children\u2019s book Lumotun maan rauha \u2013 Lempe\u00e4 hyv\u00e4ny\u00f6n kirja (The Serenity of an Enchanted Land \u2013 The Kind Book of Good-night, not translated into English) by Mirva Soinio. This tale gives us a fabled glimpse into what happens at night in a sleeping powder factory.<\/p>\n<p>Sleeping powder is used by Sandmen when they bring people good and peaceful sleep. Everyone will get just the right amount of powder. Often it is given to us without us even noticing it.  <\/p>\n","protected":false},"featured_media":1520,"template":"","meta":[],"product_brand":[],"product_cat":[84],"product_tag":[],"class_list":{"0":"post-3834","1":"product","2":"type-product","3":"status-publish","4":"has-post-thumbnail","6":"product_cat-posters","7":"product_shipping_class-posters","9":"first","10":"instock","11":"taxable","12":"shipping-taxable","13":"purchasable","14":"product-type-simple"},"yoast_head":"<!-- This site is optimized with the Yoast SEO plugin v25.0 - https:\/\/yoast.com\/wordpress\/plugins\/seo\/ -->\n<title>Sleep sand factory - Mirva Soinio Art<\/title>\n<meta name=\"robots\" content=\"index, follow, max-snippet:-1, max-image-preview:large, max-video-preview:-1\" \/>\n<link rel=\"canonical\" href=\"https:\/\/mirvasoinio.com\/en\/tuote\/sleep-sand-factory\/\" \/>\n<meta property=\"og:locale\" content=\"en_US\" \/>\n<meta property=\"og:type\" content=\"article\" \/>\n<meta property=\"og:title\" content=\"Sleep sand factory - Mirva Soinio Art\" \/>\n<meta property=\"og:description\" content=\"The poster is a part of the original illustrations in a children\u2019s book Lumotun maan rauha \u2013 Lempe\u00e4 hyv\u00e4ny\u00f6n kirja (The Serenity of an Enchanted Land \u2013 The Kind Book of Good-night, not translated into English) by Mirva Soinio. This tale gives us a fabled glimpse into what happens at night in a sleeping powder factory. Sleeping powder is used by Sandmen when they bring people good and peaceful sleep. Everyone will get just the right amount of powder. Often it is given to us without us even noticing it.\" \/>\n<meta property=\"og:url\" content=\"https:\/\/mirvasoinio.com\/en\/tuote\/sleep-sand-factory\/\" \/>\n<meta property=\"og:site_name\" content=\"Mirva Soinio Art\" \/>\n<meta property=\"article:modified_time\" content=\"2023-12-04T21:22:25+00:00\" \/>\n<meta property=\"og:image\" content=\"https:\/\/mirvasoinio.com\/wp-content\/uploads\/2023\/03\/Unihiekkatehdas-1200px.jpg\" \/>\n\t<meta property=\"og:image:width\" content=\"1200\" \/>\n\t<meta property=\"og:image:height\" content=\"576\" \/>\n\t<meta property=\"og:image:type\" content=\"image\/jpeg\" \/>\n<meta name=\"twitter:card\" content=\"summary_large_image\" \/>\n<script type=\"application\/ld+json\" class=\"yoast-schema-graph\">{\"@context\":\"https:\/\/schema.org\",\"@graph\":[{\"@type\":\"WebPage\",\"@id\":\"https:\/\/mirvasoinio.com\/en\/tuote\/sleep-sand-factory\/\",\"url\":\"https:\/\/mirvasoinio.com\/en\/tuote\/sleep-sand-factory\/\",\"name\":\"Sleep sand factory - Mirva Soinio Art\",\"isPartOf\":{\"@id\":\"https:\/\/mirvasoinio.com\/en\/#website\"},\"primaryImageOfPage\":{\"@id\":\"https:\/\/mirvasoinio.com\/en\/tuote\/sleep-sand-factory\/#primaryimage\"},\"image\":{\"@id\":\"https:\/\/mirvasoinio.com\/en\/tuote\/sleep-sand-factory\/#primaryimage\"},\"thumbnailUrl\":\"https:\/\/mirvasoinio.com\/wp-content\/uploads\/2023\/03\/Unihiekkatehdas-1200px.jpg\",\"datePublished\":\"2023-10-22T16:41:21+00:00\",\"dateModified\":\"2023-12-04T21:22:25+00:00\",\"breadcrumb\":{\"@id\":\"https:\/\/mirvasoinio.com\/en\/tuote\/sleep-sand-factory\/#breadcrumb\"},\"inLanguage\":\"en-US\",\"potentialAction\":[{\"@type\":\"ReadAction\",\"target\":[\"https:\/\/mirvasoinio.com\/en\/tuote\/sleep-sand-factory\/\"]}]},{\"@type\":\"ImageObject\",\"inLanguage\":\"en-US\",\"@id\":\"https:\/\/mirvasoinio.com\/en\/tuote\/sleep-sand-factory\/#primaryimage\",\"url\":\"https:\/\/mirvasoinio.com\/wp-content\/uploads\/2023\/03\/Unihiekkatehdas-1200px.jpg\",\"contentUrl\":\"https:\/\/mirvasoinio.com\/wp-content\/uploads\/2023\/03\/Unihiekkatehdas-1200px.jpg\",\"width\":1200,\"height\":576},{\"@type\":\"BreadcrumbList\",\"@id\":\"https:\/\/mirvasoinio.com\/en\/tuote\/sleep-sand-factory\/#breadcrumb\",\"itemListElement\":[{\"@type\":\"ListItem\",\"position\":1,\"name\":\"Etusivu\",\"item\":\"https:\/\/mirvasoinio.com\/en\/\"},{\"@type\":\"ListItem\",\"position\":2,\"name\":\"Shop\",\"item\":\"https:\/\/mirvasoinio.com\/en\/shop\/\"},{\"@type\":\"ListItem\",\"position\":3,\"name\":\"Sleep sand factory\"}]},{\"@type\":\"WebSite\",\"@id\":\"https:\/\/mirvasoinio.com\/en\/#website\",\"url\":\"https:\/\/mirvasoinio.com\/en\/\",\"name\":\"Mirva Soinio Art\",\"description\":\"Mirva Soinio Art\",\"potentialAction\":[{\"@type\":\"SearchAction\",\"target\":{\"@type\":\"EntryPoint\",\"urlTemplate\":\"https:\/\/mirvasoinio.com\/en\/?s={search_term_string}\"},\"query-input\":{\"@type\":\"PropertyValueSpecification\",\"valueRequired\":true,\"valueName\":\"search_term_string\"}}],\"inLanguage\":\"en-US\"}]}<\/script>\n<!-- \/ Yoast SEO plugin. -->","yoast_head_json":{"title":"Sleep sand factory - Mirva Soinio Art","robots":{"index":"index","follow":"follow","max-snippet":"max-snippet:-1","max-image-preview":"max-image-preview:large","max-video-preview":"max-video-preview:-1"},"canonical":"https:\/\/mirvasoinio.com\/en\/tuote\/sleep-sand-factory\/","og_locale":"en_US","og_type":"article","og_title":"Sleep sand factory - Mirva Soinio Art","og_description":"The poster is a part of the original illustrations in a children\u2019s book Lumotun maan rauha \u2013 Lempe\u00e4 hyv\u00e4ny\u00f6n kirja (The Serenity of an Enchanted Land \u2013 The Kind Book of Good-night, not translated into English) by Mirva Soinio. This tale gives us a fabled glimpse into what happens at night in a sleeping powder factory. Sleeping powder is used by Sandmen when they bring people good and peaceful sleep. Everyone will get just the right amount of powder. Often it is given to us without us even noticing it.","og_url":"https:\/\/mirvasoinio.com\/en\/tuote\/sleep-sand-factory\/","og_site_name":"Mirva Soinio Art","article_modified_time":"2023-12-04T21:22:25+00:00","og_image":[{"width":1200,"height":576,"url":"https:\/\/mirvasoinio.com\/wp-content\/uploads\/2023\/03\/Unihiekkatehdas-1200px.jpg","type":"image\/jpeg"}],"twitter_card":"summary_large_image","schema":{"@context":"https:\/\/schema.org","@graph":[{"@type":"WebPage","@id":"https:\/\/mirvasoinio.com\/en\/tuote\/sleep-sand-factory\/","url":"https:\/\/mirvasoinio.com\/en\/tuote\/sleep-sand-factory\/","name":"Sleep sand factory - Mirva Soinio Art","isPartOf":{"@id":"https:\/\/mirvasoinio.com\/en\/#website"},"primaryImageOfPage":{"@id":"https:\/\/mirvasoinio.com\/en\/tuote\/sleep-sand-factory\/#primaryimage"},"image":{"@id":"https:\/\/mirvasoinio.com\/en\/tuote\/sleep-sand-factory\/#primaryimage"},"thumbnailUrl":"https:\/\/mirvasoinio.com\/wp-content\/uploads\/2023\/03\/Unihiekkatehdas-1200px.jpg","datePublished":"2023-10-22T16:41:21+00:00","dateModified":"2023-12-04T21:22:25+00:00","breadcrumb":{"@id":"https:\/\/mirvasoinio.com\/en\/tuote\/sleep-sand-factory\/#breadcrumb"},"inLanguage":"en-US","potentialAction":[{"@type":"ReadAction","target":["https:\/\/mirvasoinio.com\/en\/tuote\/sleep-sand-factory\/"]}]},{"@type":"ImageObject","inLanguage":"en-US","@id":"https:\/\/mirvasoinio.com\/en\/tuote\/sleep-sand-factory\/#primaryimage","url":"https:\/\/mirvasoinio.com\/wp-content\/uploads\/2023\/03\/Unihiekkatehdas-1200px.jpg","contentUrl":"https:\/\/mirvasoinio.com\/wp-content\/uploads\/2023\/03\/Unihiekkatehdas-1200px.jpg","width":1200,"height":576},{"@type":"BreadcrumbList","@id":"https:\/\/mirvasoinio.com\/en\/tuote\/sleep-sand-factory\/#breadcrumb","itemListElement":[{"@type":"ListItem","position":1,"name":"Etusivu","item":"https:\/\/mirvasoinio.com\/en\/"},{"@type":"ListItem","position":2,"name":"Shop","item":"https:\/\/mirvasoinio.com\/en\/shop\/"},{"@type":"ListItem","position":3,"name":"Sleep sand factory"}]},{"@type":"WebSite","@id":"https:\/\/mirvasoinio.com\/en\/#website","url":"https:\/\/mirvasoinio.com\/en\/","name":"Mirva Soinio Art","description":"Mirva Soinio Art","potentialAction":[{"@type":"SearchAction","target":{"@type":"EntryPoint","urlTemplate":"https:\/\/mirvasoinio.com\/en\/?s={search_term_string}"},"query-input":{"@type":"PropertyValueSpecification","valueRequired":true,"valueName":"search_term_string"}}],"inLanguage":"en-US"}]}},"_links":{"self":[{"href":"https:\/\/mirvasoinio.com\/en\/wp-json\/wp\/v2\/product\/3834","targetHints":{"allow":["GET"]}}],"collection":[{"href":"https:\/\/mirvasoinio.com\/en\/wp-json\/wp\/v2\/product"}],"about":[{"href":"https:\/\/mirvasoinio.com\/en\/wp-json\/wp\/v2\/types\/product"}],"wp:featuredmedia":[{"embeddable":true,"href":"https:\/\/mirvasoinio.com\/en\/wp-json\/wp\/v2\/media\/1520"}],"wp:attachment":[{"href":"https:\/\/mirvasoinio.com\/en\/wp-json\/wp\/v2\/media?parent=3834"}],"wp:term":[{"taxonomy":"product_brand","embeddable":true,"href":"https:\/\/mirvasoinio.com\/en\/wp-json\/wp\/v2\/product_brand?post=3834"},{"taxonomy":"product_cat","embeddable":true,"href":"https:\/\/mirvasoinio.com\/en\/wp-json\/wp\/v2\/product_cat?post=3834"},{"taxonomy":"product_tag","embeddable":true,"href":"https:\/\/mirvasoinio.com\/en\/wp-json\/wp\/v2\/product_tag?post=3834"}],"curies":[{"name":"wp","href":"https:\/\/api.w.org\/{rel}","templated":true}]}}