{"id":3631,"date":"2023-11-28T11:07:15","date_gmt":"2023-11-28T11:07:15","guid":{"rendered":"https:\/\/mirvasoinio.com\/?page_id=3631"},"modified":"2023-11-28T18:23:21","modified_gmt":"2023-11-28T18:23:21","slug":"terms-and-conditions","status":"publish","type":"page","link":"https:\/\/mirvasoinio.com\/en\/terms-and-conditions\/","title":{"rendered":"Terms and conditions"},"content":{"rendered":"<p><div id=\"silkkitaide\" class=\"fusion-container-anchor\"><div class=\"fusion-fullwidth fullwidth-box fusion-builder-row-1 fusion-flex-container has-pattern-background has-mask-background hundred-percent-fullwidth non-hundred-percent-height-scrolling\" style=\"--awb-background-position:center top;--awb-border-sizes-top:0px;--awb-border-sizes-bottom:0px;--awb-border-radius-top-left:0px;--awb-border-radius-top-right:0px;--awb-border-radius-bottom-right:0px;--awb-border-radius-bottom-left:0px;--awb-padding-top:0px;--awb-padding-right:0px;--awb-padding-bottom:0px;--awb-padding-left:0px;--awb-margin-top:0px;--awb-margin-bottom:0px;--awb-flex-wrap:wrap;\" ><div class=\"fusion-builder-row fusion-row fusion-flex-align-items-flex-start fusion-flex-content-wrap\" style=\"width:calc( 100% + 0px ) !important;max-width:calc( 100% + 0px ) !important;margin-left: calc(-0px \/ 2 );margin-right: calc(-0px \/ 2 );\"><div class=\"fusion-layout-column fusion_builder_column fusion-builder-column-0 fusion_builder_column_1_1 1_1 fusion-flex-column\" style=\"--awb-bg-size:cover;--awb-width-large:100%;--awb-margin-top-large:0px;--awb-spacing-right-large:0px;--awb-margin-bottom-large:20px;--awb-spacing-left-large:0px;--awb-width-medium:100%;--awb-order-medium:0;--awb-spacing-right-medium:0px;--awb-spacing-left-medium:0px;--awb-width-small:100%;--awb-order-small:0;--awb-spacing-right-small:0px;--awb-spacing-left-small:0px;\"><div class=\"fusion-column-wrapper fusion-column-has-shadow fusion-flex-justify-content-flex-start fusion-content-layout-column\"><div class=\"fusion-separator fusion-full-width-sep\" style=\"align-self: center;margin-left: auto;margin-right: auto;margin-bottom:200px;width:100%;\"><\/div><\/div><\/div><div class=\"fusion-layout-column fusion_builder_column fusion-builder-column-1 fusion_builder_column_1_1 1_1 fusion-flex-column fusion-flex-align-self-center\" style=\"--awb-bg-size:cover;--awb-width-large:100%;--awb-margin-top-large:0px;--awb-spacing-right-large:0px;--awb-margin-bottom-large:0px;--awb-spacing-left-large:0px;--awb-width-medium:100%;--awb-order-medium:0;--awb-spacing-right-medium:0px;--awb-spacing-left-medium:0px;--awb-width-small:100%;--awb-order-small:0;--awb-spacing-right-small:0px;--awb-spacing-left-small:0px;\" data-scroll-devices=\"small-visibility,medium-visibility,large-visibility\"><div class=\"fusion-column-wrapper fusion-column-has-shadow fusion-flex-justify-content-center fusion-content-layout-column\"><div class=\"fusion-section-separator section-separator waves-opacity fusion-section-separator-1\" style=\"--awb-spacer-padding-top:inherit;--awb-svg-margin-left:0px;--awb-svg-margin-right:0px;--awb-svg-margin-left-medium:0px;--awb-svg-margin-right-medium:0px;--awb-svg-margin-left-small:0px;--awb-svg-margin-right-small:0px;--awb-divider-height:150px;--awb-spacer-height:150px;--awb-divider-height-medium:75px;--awb-spacer-height-medium:75px;--awb-divider-height-small:50px;--awb-spacer-height-small:50px;--awb-sep-font-size:0;--awb-sep-line-height:0;\"><div class=\"fusion-section-separator-svg\"><svg class=\"fusion-waves-opacity-candy\" xmlns=\"http:\/\/www.w3.org\/2000\/svg\" version=\"1.1\" width=\"100%\" viewBox=\"0 0 1024 216\" preserveAspectRatio=\"none\" fill=\"rgba(69,82,94,1)\"><path class=\"st0\" d=\"M1024.1 1.068c-19.4-.5-38.7-1.6-57.7-.3-206.6 15-248.5 126.6-455 143.8-184.8 15.5-285.7-60.9-464.3-41.3-16.9 1.8-32.5 4.4-47.1 7.6l.1 105.2h1024v-215z\"\/>\n\t\t\t\t\t\t\t\t\t\t<path class=\"st1\" d=\"M1024.1 20.068c-30.2-1.6-59.6-1.6-86.8.4-206.6 15.1-197.3 122.6-403.9 139.8-184.9 15.5-278.5-58.2-457.1-38.4-28.3 3.2-53.5 8.2-76.2 14.6v79.744h1024V20.068z\"\/>\n\t\t\t\t\t\t\t\t\t\t<path class=\"st2\" d=\"M1024.1 46.668c-22.2-.3-43.8.2-64.2 1.7-206.6 15-197.8 112.5-404.4 129.7-184.8 15.5-226.8-51.1-405.4-31.3-54.8 6-104.9 18.3-150 33.7v35.744h1024V46.668z\"\/>\n\t\t\t\t\t\t\t\t\t\t<path class=\"st3\" d=\"M1024.1 54.368c-4 .2-8 .4-11.9.7-206.5 15.1-227.9 124.4-434.5 141.6-184.9 15.5-226.3-41.1-404.9-21.3-64 7.2-121.9 20.8-172.7 37.9v3.044h1024V54.368z\"\/>\n\t\t\t\t\t\t\t\t\t<\/svg><\/div><div class=\"fusion-section-separator-spacer\"><div class=\"fusion-section-separator-spacer-height\"><\/div><\/div><\/div><\/div><\/div><div class=\"fusion-layout-column fusion_builder_column fusion-builder-column-2 fusion_builder_column_1_1 1_1 fusion-flex-column fusion-no-small-visibility\" style=\"--awb-bg-color:var(--awb-custom_color_12);--awb-bg-color-hover:var(--awb-custom_color_12);--awb-bg-size:cover;--awb-width-large:100%;--awb-margin-top-large:0px;--awb-spacing-right-large:0px;--awb-margin-bottom-large:0px;--awb-spacing-left-large:0px;--awb-width-medium:100%;--awb-order-medium:0;--awb-spacing-right-medium:0px;--awb-spacing-left-medium:0px;--awb-width-small:100%;--awb-order-small:0;--awb-spacing-right-small:0px;--awb-spacing-left-small:0px;\" data-scroll-devices=\"small-visibility,medium-visibility,large-visibility\"><div class=\"fusion-column-wrapper fusion-column-has-shadow fusion-flex-justify-content-flex-start fusion-content-layout-column\"><div class=\"fusion-title title fusion-title-1 fusion-sep-none fusion-title-text fusion-title-size-one\" style=\"--awb-text-color:var(--awb-color1);--awb-margin-left:7%;\"><h1 class=\"fusion-title-heading title-heading-left fusion-responsive-typography-calculated\" style=\"margin:0;--fontSize:64;line-height:var(--awb-typography1-line-height);text-shadow:-2px 2px 1px var(--awb-color8);\">Terms and conditions<\/h1><\/div><\/div><\/div><div class=\"fusion-layout-column fusion_builder_column fusion-builder-column-3 fusion_builder_column_1_1 1_1 fusion-flex-column fusion-no-medium-visibility fusion-no-large-visibility\" style=\"--awb-bg-color:var(--awb-custom_color_12);--awb-bg-color-hover:var(--awb-custom_color_12);--awb-bg-size:cover;--awb-width-large:100%;--awb-margin-top-large:0px;--awb-spacing-right-large:0px;--awb-margin-bottom-large:0px;--awb-spacing-left-large:0px;--awb-width-medium:100%;--awb-order-medium:0;--awb-spacing-right-medium:0px;--awb-spacing-left-medium:0px;--awb-width-small:100%;--awb-order-small:0;--awb-spacing-right-small:0px;--awb-spacing-left-small:0px;\" data-scroll-devices=\"small-visibility,medium-visibility,large-visibility\"><div class=\"fusion-column-wrapper fusion-column-has-shadow fusion-flex-justify-content-flex-start fusion-content-layout-column\"><div class=\"fusion-title title fusion-title-2 fusion-sep-none fusion-title-center fusion-title-text fusion-title-size-one\" style=\"--awb-text-color:var(--awb-color1);--awb-margin-left:7%;\"><h1 class=\"fusion-title-heading title-heading-center fusion-responsive-typography-calculated\" style=\"margin:0;--fontSize:64;line-height:var(--awb-typography1-line-height);text-shadow:-2px 2px 1px var(--awb-color8);\">Terms and conditions<\/h1><\/div><\/div><\/div><div class=\"fusion-layout-column fusion_builder_column fusion-builder-column-4 fusion_builder_column_1_1 1_1 fusion-flex-column fusion-flex-align-self-center\" style=\"--awb-bg-size:cover;--awb-width-large:100%;--awb-margin-top-large:0px;--awb-spacing-right-large:0px;--awb-margin-bottom-large:20px;--awb-spacing-left-large:0px;--awb-width-medium:100%;--awb-order-medium:0;--awb-spacing-right-medium:0px;--awb-spacing-left-medium:0px;--awb-width-small:100%;--awb-order-small:0;--awb-spacing-right-small:0px;--awb-spacing-left-small:0px;\"><div class=\"fusion-column-wrapper fusion-column-has-shadow fusion-flex-justify-content-center fusion-content-layout-column\"><div class=\"fusion-section-separator section-separator waves-opacity fusion-section-separator-2\" style=\"--awb-spacer-padding-top:inherit;--awb-svg-margin-left:0px;--awb-svg-margin-right:0px;--awb-svg-margin-left-medium:0px;--awb-svg-margin-right-medium:0px;--awb-svg-margin-left-small:0px;--awb-svg-margin-right-small:0px;--awb-divider-height:150px;--awb-spacer-height:150px;--awb-divider-height-medium:75px;--awb-spacer-height-medium:75px;--awb-divider-height-small:50px;--awb-spacer-height-small:50px;--awb-sep-font-size:0;--awb-sep-line-height:0;\"><div class=\"fusion-section-separator-svg\"><svg class=\"fusion-waves-opacity-candy\" xmlns=\"http:\/\/www.w3.org\/2000\/svg\" version=\"1.1\" width=\"100%\" viewBox=\"0 1 1024 216\" preserveAspectRatio=\"none\" fill=\"rgba(69,82,94,1)\"><path class=\"st0\" d=\"M0 215.4c19.4.5 38.7 1.6 57.7.3 206.6-15 248.5-126.6 455-143.8 184.8-15.5 285.7 60.9 464.3 41.3 16.9-1.8 32.5-4.4 47.1-7.6L1024 .4H0v215z\"\/>\n\t\t\t\t\t\t\t\t\t\t<path class=\"st1\" d=\"M0 196.4c30.2 1.6 59.6 1.6 86.8-.4C293.4 180.9 284.1 73.4 490.7 56.2c184.9-15.5 278.5 58.2 457.1 38.4 28.3-3.2 53.5-8.2 76.2-14.6V.256H0V196.4z\"\/>\n\t\t\t\t\t\t\t\t\t\t<path class=\"st2\" d=\"M0 169.8c22.2.3 43.8-.2 64.2-1.7C270.8 153.1 262 55.6 468.6 38.4 653.4 22.9 695.4 89.5 874 69.7c54.8-6 104.9-18.3 150-33.7V.256H0V169.8z\"\/>\n\t\t\t\t\t\t\t\t\t\t<path class=\"st3\" d=\"M0 162.1c4-.2 8-.4 11.9-.7C218.4 146.3 239.8 37 446.4 19.8 631.3 4.3 672.7 60.9 851.3 41.1c64-7.2 121.9-20.8 172.7-37.9V.156H0V162.1z\"\/>\n\t\t\t\t\t\t\t\t\t<\/svg><\/div><div class=\"fusion-section-separator-spacer\"><div class=\"fusion-section-separator-spacer-height\"><\/div><\/div><\/div><\/div><\/div><\/div><\/div><\/div><div class=\"fusion-fullwidth fullwidth-box fusion-builder-row-2 fusion-flex-container has-pattern-background has-mask-background nonhundred-percent-fullwidth non-hundred-percent-height-scrolling\" style=\"--awb-border-radius-top-left:0px;--awb-border-radius-top-right:0px;--awb-border-radius-bottom-right:0px;--awb-border-radius-bottom-left:0px;--awb-flex-wrap:wrap;\" ><div class=\"fusion-builder-row fusion-row fusion-flex-align-items-flex-start fusion-flex-content-wrap\" style=\"max-width:1248px;margin-left: calc(-4% \/ 2 );margin-right: calc(-4% \/ 2 );\"><div class=\"fusion-layout-column fusion_builder_column fusion-builder-column-5 fusion_builder_column_1_6 1_6 fusion-flex-column\" style=\"--awb-bg-size:cover;--awb-width-large:16.666666666667%;--awb-margin-top-large:0px;--awb-spacing-right-large:11.52%;--awb-margin-bottom-large:20px;--awb-spacing-left-large:11.52%;--awb-width-medium:16.666666666667%;--awb-order-medium:0;--awb-spacing-right-medium:11.52%;--awb-spacing-left-medium:11.52%;--awb-width-small:100%;--awb-order-small:0;--awb-spacing-right-small:1.92%;--awb-spacing-left-small:1.92%;\"><div class=\"fusion-column-wrapper fusion-column-has-shadow fusion-flex-justify-content-flex-start fusion-content-layout-column\"><\/div><\/div><div class=\"fusion-layout-column fusion_builder_column fusion-builder-column-6 fusion_builder_column_2_3 2_3 fusion-flex-column\" style=\"--awb-padding-top:5%;--awb-padding-right:5%;--awb-padding-bottom:5%;--awb-padding-left:5%;--awb-overflow:hidden;--awb-bg-image:linear-gradient(115deg, var(--awb-custom_color_14) 0%,var(--awb-custom_color_15) 100%);--awb-bg-size:cover;--awb-box-shadow:0px 0px 30px 0px var(--awb-custom_color_16);;--awb-border-color:var(--awb-custom_color_2);--awb-border-top:2px;--awb-border-right:2px;--awb-border-bottom:2px;--awb-border-left:2px;--awb-border-style:solid;--awb-border-radius:0px 50px 0px 0px;--awb-width-large:66.666666666667%;--awb-margin-top-large:0px;--awb-spacing-right-large:2.88%;--awb-margin-bottom-large:20px;--awb-spacing-left-large:2.88%;--awb-width-medium:66.666666666667%;--awb-order-medium:0;--awb-spacing-right-medium:2.88%;--awb-spacing-left-medium:2.88%;--awb-width-small:100%;--awb-order-small:0;--awb-spacing-right-small:1.92%;--awb-spacing-left-small:1.92%;\" data-scroll-devices=\"small-visibility,medium-visibility,large-visibility\"><div class=\"fusion-column-wrapper fusion-column-has-shadow fusion-flex-justify-content-flex-start fusion-content-layout-column\"><div class=\"fusion-text fusion-text-1\"><p><strong>TERMS AND CONDITIONS<\/strong><\/p>\n<p>Company Galleria Oivalluksia Y-1983895-4 sells art and products to Finland and the EU area. We reserve the right to change delivery terms and prices. Product prices include value-added tax.<br \/>\nContact Information for the online shop:<br \/>\nEmail: mirva(at)mirvasoinio.com<br \/>\nPhone: +358 40 180 3595<br \/>\nMailing Address: Toivonkuja 1 A 28, 33900 Tampere<\/p>\n<p><strong>ORDERING<\/strong><br \/>\nProducts can be selected on the website and added to the shopping cart. Orders are placed by paying for the contents of the shopping cart using the online store checkout. By placing an order, you accept these delivery terms, product prices, and shipping costs. If an email address is provided at the time of ordering, an order confirmation will be sent via email. The order confirmation will specify the ordered products and their prices.<\/p>\n<p><strong>PAYMENT TERMS<\/strong><br \/>\nPayment Service Provider:<br \/>\nThe payment intermediary and service provider is Paytrail Oyj (2122839-7) in cooperation with Finnish banks and financial institutions. Paytrail Oyj will appear as the recipient of the payment on bank statements or credit card bills and will transfer the payment to the merchant. Paytrail Oyj holds a payment institution license. In case of complaints, please contact the product supplier in the first instance.<\/p>\n<p>Paytrail Oyj, Business ID: 2122839-7<br \/>\nInnova 2<br \/>\nLutakonaukio 7<br \/>\n40100 Jyv\u00e4skyl\u00e4<br \/>\npaytrail.com\/kuluttaja\/tietoa-maksamisesta<\/p>\n<p><strong>PAYMENT METHODS<\/strong><br \/>\nBank Payments:<br \/>\nNordea, Osuuspankki, Danske Bank, S\u00e4\u00e4st\u00f6pankki, Oma S\u00e4\u00e4st\u00f6pankki, POP Pankki, Aktia, Handelsbanken, \u00c5landsbanken, and S-Pankki.<br \/>\nCard Payments:<br \/>\nVisa and MasterCard.<\/p>\n<p><strong>DELIVERY METHOD<\/strong><br \/>\nWe deliver orders using available and mentioned delivery methods on our website. Posti is usually the courier, but other companies might be used on a case-by-case basis. Shipping costs are determined by the chosen delivery method, possible additional services, order weight, and size. You can see the shipping costs in the online store checkout before finalizing the order. If a product is lost or damaged during delivery, please report it immediately but within 14 days to the online store. Damaged packages upon delivery should be promptly reported to the responsible delivery company.<\/p>\n<p><strong>DELIVERY TIME<\/strong><br \/>\nOur typical delivery times within the EU range from 2 to 14 days depending on the product, order, and delivery method. For products in stock, the delivery time is usually 3-5 business days. If the products to be delivered are custom-made, the delivery time is typically 1-3 weeks.<\/p>\n<p><strong>RETURN POLICY<\/strong><br \/>\nProducts purchased from our online store have a 14-day return policy. Returned products must be in their original packaging, unused, and in perfect saleable condition. Returned products must be well-packaged for return shipment to avoid damage. If a product is damaged during return, the responsibility shifts to the customer.<\/p>\n<p>Please note that merely returning the goods or not picking up the product without prior notice does not fall under the return policy. The obligation to notify is fulfilled by agreeing on the return with us via email. If the transaction is canceled, the product must be returned promptly (or within 14 days) in writing to our return address below after agreeing upon the return. The returner may need to provide evidence, such as a return receipt, that the goods were returned within the specified time. The returner is responsible for the costs associated with the return, and these costs will not be reimbursed.<\/p>\n<p><strong>RETURN INSTRUCTIONS<\/strong><br \/>\nBefore returning the product, please contact us at <a href=\"mailto:mirva@mirvasoinio.com\" target=\"_new\" rel=\"noopener\">mirva@mirvasoinio.com<\/a> for verification of the return policy and instructions. When returning the delivered order, include your name and contact information.<\/p>\n<p>Return Address:<br \/>\nGalleria Oivalluksia<br \/>\nToivonkuja 1 A 28<br \/>\n33900 Tampere<br \/>\nFinland<\/p>\n<p><strong>REFUND FOR RETURNED PRODUCT<\/strong><br \/>\nWe will refund the purchase price of the returned product once it has been checked and meets the aforementioned return conditions. The refund will be made to the payment method used for the order.<\/p>\n<p><strong>CONTACT US<\/strong><br \/>\nWe are here to assist with any questions regarding your order. Please contact us via email or phone:<\/p>\n<p>mirva(at)mirvasoinio.com<br \/>\n+358 40 180 3595<\/p>\n<p><strong>LIMITATION OF LIABILITY<\/strong><br \/>\nMirva Soinio Art \u2013 Galleria Oivalluksia is not responsible for any direct or indirect damage related to the order, delivery, or product unless a mandatory provision in consumer protection law or other mandatory legislation has specified otherwise concerning that damage.<\/p>\n<p><strong>DISPUTES<\/strong><br \/>\nWe aim to resolve any disputes regarding your order primarily by mutual agreement, so please contact us first to resolve any issues.<\/p>\n<p>If a disagreement related to the purchase agreement cannot be resolved through negotiations between the parties, the consumer can bring the matter to be resolved by the Consumer Disputes Board (<a href=\"http:\/\/www.kuluttajariita.fi\/\" target=\"_new\" rel=\"noopener\">www.kuluttajariita.fi<\/a>). Before referring the matter to the Consumer Disputes Board, the consumer should contact the consumer advisory services of magistrates (<a href=\"http:\/\/www.kuluttajaneuvonta.fi\/\" target=\"_new\" rel=\"noopener\">www.kuluttajaneuvonta.fi<\/a>).<\/p>\n<p><strong>PRIVACY POLICY<\/strong><br \/>\nData Controller: Galleria Oivalluksia<br \/>\nGalleria Oivalluksia<br \/>\nToivonkuja 1 A 28, 33900 Tampere<br \/>\nRegistry Name: Galleria Oivalluksia Customer Register<br \/>\nPurpose of the Registry: Managing customer relationships<br \/>\nInformation Contained in the Registry: Person&#8217;s first and last name, address, postal code, city, email address, phone number, password, and other necessary information for order and newsletter delivery.<br \/>\nSources of Information: Customer inputs the data themselves<br \/>\nContact Person for Registry Matters: Galleria Oivalluksia \/ Mirva Soinio Art \/ Mirva Soinio<br \/>\nPhone: +358 40 180 3595<br \/>\nEmail: mirva(at)mirvasoinio.com<br \/>\nRegistry data is not disclosed to third parties. The data is stored on a server accessible only to the person handling registry matters. The data is protected by a username and password.<\/p>\n<hr \/>\n<p>Best Regards,<\/p>\n<p>Mirva Soinio<br \/>\n040-1803595<br \/>\nGalleria Oivalluksia<br \/>\nmirvasoinio.com<\/p>\n<\/div><div class=\"fusion-separator fusion-full-width-sep\" style=\"align-self: center;margin-left: auto;margin-right: auto;margin-top:25px;margin-bottom:25px;width:100%;\"><\/div><div style=\"text-align:center;\"><a class=\"fusion-button button-flat fusion-button-default-size button-default fusion-button-default button-1 fusion-button-default-span fusion-button-default-type\" target=\"_self\" href=\"https:\/\/mirvasoinio.com\/en\/cart\/\"><span class=\"fusion-button-icon-divider button-icon-divider-left\"><i class=\"fa-shopping-cart fas awb-button__icon awb-button__icon--default\" aria-hidden=\"true\"><\/i><\/span><span class=\"fusion-button-text awb-button__text awb-button__text--default fusion-button-text-left\">Cart<\/span><\/a><\/div><div class=\"fusion-separator fusion-full-width-sep\" style=\"align-self: center;margin-left: auto;margin-right: auto;margin-top:25px;margin-bottom:25px;width:100%;\"><\/div><\/div><\/div><div class=\"fusion-layout-column fusion_builder_column fusion-builder-column-7 fusion_builder_column_1_6 1_6 fusion-flex-column\" style=\"--awb-bg-size:cover;--awb-width-large:16.666666666667%;--awb-margin-top-large:0px;--awb-spacing-right-large:11.52%;--awb-margin-bottom-large:20px;--awb-spacing-left-large:11.52%;--awb-width-medium:16.666666666667%;--awb-order-medium:0;--awb-spacing-right-medium:11.52%;--awb-spacing-left-medium:11.52%;--awb-width-small:100%;--awb-order-small:0;--awb-spacing-right-small:1.92%;--awb-spacing-left-small:1.92%;\"><div class=\"fusion-column-wrapper fusion-column-has-shadow fusion-flex-justify-content-flex-start fusion-content-layout-column\"><\/div><\/div><\/div><\/div><\/p>\n","protected":false},"excerpt":{"rendered":"","protected":false},"author":2,"featured_media":0,"parent":0,"menu_order":0,"comment_status":"closed","ping_status":"closed","template":"100-width.php","meta":{"footnotes":""},"class_list":["post-3631","page","type-page","status-publish","hentry"],"yoast_head":"<!-- This site is optimized with the Yoast SEO plugin v25.0 - https:\/\/yoast.com\/wordpress\/plugins\/seo\/ -->\n<title>Terms and conditions - Mirva Soinio Art<\/title>\n<meta name=\"robots\" content=\"index, follow, max-snippet:-1, max-image-preview:large, max-video-preview:-1\" \/>\n<link rel=\"canonical\" href=\"https:\/\/mirvasoinio.com\/toimitusehdot\/\" \/>\n<meta property=\"og:locale\" content=\"en_US\" \/>\n<meta property=\"og:type\" content=\"article\" \/>\n<meta property=\"og:title\" content=\"Terms and conditions - Mirva Soinio Art\" \/>\n<meta property=\"og:url\" content=\"https:\/\/mirvasoinio.com\/toimitusehdot\/\" \/>\n<meta property=\"og:site_name\" content=\"Mirva Soinio Art\" \/>\n<meta property=\"article:modified_time\" content=\"2023-11-28T18:23:21+00:00\" \/>\n<meta name=\"twitter:card\" content=\"summary_large_image\" \/>\n<meta name=\"twitter:label1\" content=\"Est. reading time\" \/>\n\t<meta name=\"twitter:data1\" content=\"31 minutes\" \/>\n<script type=\"application\/ld+json\" class=\"yoast-schema-graph\">{\"@context\":\"https:\/\/schema.org\",\"@graph\":[{\"@type\":\"WebPage\",\"@id\":\"https:\/\/mirvasoinio.com\/toimitusehdot\/\",\"url\":\"https:\/\/mirvasoinio.com\/toimitusehdot\/\",\"name\":\"Terms and conditions - Mirva Soinio Art\",\"isPartOf\":{\"@id\":\"https:\/\/mirvasoinio.com\/en\/#website\"},\"datePublished\":\"2023-11-28T11:07:15+00:00\",\"dateModified\":\"2023-11-28T18:23:21+00:00\",\"breadcrumb\":{\"@id\":\"https:\/\/mirvasoinio.com\/toimitusehdot\/#breadcrumb\"},\"inLanguage\":\"en-US\",\"potentialAction\":[{\"@type\":\"ReadAction\",\"target\":[\"https:\/\/mirvasoinio.com\/toimitusehdot\/\"]}]},{\"@type\":\"BreadcrumbList\",\"@id\":\"https:\/\/mirvasoinio.com\/toimitusehdot\/#breadcrumb\",\"itemListElement\":[{\"@type\":\"ListItem\",\"position\":1,\"name\":\"Etusivu\",\"item\":\"https:\/\/mirvasoinio.com\/en\/\"},{\"@type\":\"ListItem\",\"position\":2,\"name\":\"Terms and conditions\"}]},{\"@type\":\"WebSite\",\"@id\":\"https:\/\/mirvasoinio.com\/en\/#website\",\"url\":\"https:\/\/mirvasoinio.com\/en\/\",\"name\":\"Mirva Soinio Art\",\"description\":\"Mirva Soinio Art\",\"potentialAction\":[{\"@type\":\"SearchAction\",\"target\":{\"@type\":\"EntryPoint\",\"urlTemplate\":\"https:\/\/mirvasoinio.com\/en\/?s={search_term_string}\"},\"query-input\":{\"@type\":\"PropertyValueSpecification\",\"valueRequired\":true,\"valueName\":\"search_term_string\"}}],\"inLanguage\":\"en-US\"}]}<\/script>\n<!-- \/ Yoast SEO plugin. -->","yoast_head_json":{"title":"Terms and conditions - Mirva Soinio Art","robots":{"index":"index","follow":"follow","max-snippet":"max-snippet:-1","max-image-preview":"max-image-preview:large","max-video-preview":"max-video-preview:-1"},"canonical":"https:\/\/mirvasoinio.com\/toimitusehdot\/","og_locale":"en_US","og_type":"article","og_title":"Terms and conditions - Mirva Soinio Art","og_url":"https:\/\/mirvasoinio.com\/toimitusehdot\/","og_site_name":"Mirva Soinio Art","article_modified_time":"2023-11-28T18:23:21+00:00","twitter_card":"summary_large_image","twitter_misc":{"Est. reading time":"31 minutes"},"schema":{"@context":"https:\/\/schema.org","@graph":[{"@type":"WebPage","@id":"https:\/\/mirvasoinio.com\/toimitusehdot\/","url":"https:\/\/mirvasoinio.com\/toimitusehdot\/","name":"Terms and conditions - Mirva Soinio Art","isPartOf":{"@id":"https:\/\/mirvasoinio.com\/en\/#website"},"datePublished":"2023-11-28T11:07:15+00:00","dateModified":"2023-11-28T18:23:21+00:00","breadcrumb":{"@id":"https:\/\/mirvasoinio.com\/toimitusehdot\/#breadcrumb"},"inLanguage":"en-US","potentialAction":[{"@type":"ReadAction","target":["https:\/\/mirvasoinio.com\/toimitusehdot\/"]}]},{"@type":"BreadcrumbList","@id":"https:\/\/mirvasoinio.com\/toimitusehdot\/#breadcrumb","itemListElement":[{"@type":"ListItem","position":1,"name":"Etusivu","item":"https:\/\/mirvasoinio.com\/en\/"},{"@type":"ListItem","position":2,"name":"Terms and conditions"}]},{"@type":"WebSite","@id":"https:\/\/mirvasoinio.com\/en\/#website","url":"https:\/\/mirvasoinio.com\/en\/","name":"Mirva Soinio Art","description":"Mirva Soinio Art","potentialAction":[{"@type":"SearchAction","target":{"@type":"EntryPoint","urlTemplate":"https:\/\/mirvasoinio.com\/en\/?s={search_term_string}"},"query-input":{"@type":"PropertyValueSpecification","valueRequired":true,"valueName":"search_term_string"}}],"inLanguage":"en-US"}]}},"_links":{"self":[{"href":"https:\/\/mirvasoinio.com\/en\/wp-json\/wp\/v2\/pages\/3631","targetHints":{"allow":["GET"]}}],"collection":[{"href":"https:\/\/mirvasoinio.com\/en\/wp-json\/wp\/v2\/pages"}],"about":[{"href":"https:\/\/mirvasoinio.com\/en\/wp-json\/wp\/v2\/types\/page"}],"author":[{"embeddable":true,"href":"https:\/\/mirvasoinio.com\/en\/wp-json\/wp\/v2\/users\/2"}],"replies":[{"embeddable":true,"href":"https:\/\/mirvasoinio.com\/en\/wp-json\/wp\/v2\/comments?post=3631"}],"version-history":[{"count":4,"href":"https:\/\/mirvasoinio.com\/en\/wp-json\/wp\/v2\/pages\/3631\/revisions"}],"predecessor-version":[{"id":3641,"href":"https:\/\/mirvasoinio.com\/en\/wp-json\/wp\/v2\/pages\/3631\/revisions\/3641"}],"wp:attachment":[{"href":"https:\/\/mirvasoinio.com\/en\/wp-json\/wp\/v2\/media?parent=3631"}],"curies":[{"name":"wp","href":"https:\/\/api.w.org\/{rel}","templated":true}]}}